{"id":22828,"date":"2025-01-29T01:40:03","date_gmt":"2025-01-29T00:40:03","guid":{"rendered":"https:\/\/eusssi2025.uksw.edu.pl\/?page_id=22828"},"modified":"2025-02-19T15:51:03","modified_gmt":"2025-02-19T14:51:03","slug":"about-eusssi","status":"publish","type":"page","link":"https:\/\/eusssi2025.uksw.edu.pl\/symbolic-interactionism-and-creative-processes-in-turbulent-times\/about-eusssi\/","title":{"rendered":"ABOUT EUSSSI"},"content":{"rendered":"\n<p><\/p>\n\n\n<div class=\"wp-block-image\">\n<figure class=\"aligncenter size-large is-resized\"><img loading=\"lazy\" decoding=\"async\" width=\"891\" height=\"1024\" src=\"https:\/\/eusssi2025.uksw.edu.pl\/wp-content\/uploads\/sites\/65\/2025\/01\/SSSI-Logo-2-891x1024.png\" alt=\"\" class=\"wp-image-23006\" style=\"width:400px;height:auto\" srcset=\"https:\/\/eusssi2025.uksw.edu.pl\/wp-content\/uploads\/sites\/65\/2025\/01\/SSSI-Logo-2-891x1024.png 891w, https:\/\/eusssi2025.uksw.edu.pl\/wp-content\/uploads\/sites\/65\/2025\/01\/SSSI-Logo-2-261x300.png 261w, https:\/\/eusssi2025.uksw.edu.pl\/wp-content\/uploads\/sites\/65\/2025\/01\/SSSI-Logo-2-768x883.png 768w, https:\/\/eusssi2025.uksw.edu.pl\/wp-content\/uploads\/sites\/65\/2025\/01\/SSSI-Logo-2-1337x1536.png 1337w, https:\/\/eusssi2025.uksw.edu.pl\/wp-content\/uploads\/sites\/65\/2025\/01\/SSSI-Logo-2.png 1595w\" sizes=\"auto, (max-width: 891px) 100vw, 891px\" \/><\/figure><\/div>\n\n\n<p><\/p>\n\n\n\n<p class=\"has-text-align-left\"><strong>EUSSSI<\/strong> emerged from an informal network of scholars having an interest in sociological social psychology, especially symbolic interaction, and in the study of related issues through the use of qualitative methods. The first conference of the EU SSSI was held in <strong>Pisa in 2010<\/strong>, followed by conferences in&nbsp; <strong>Kassel (2011), Rotterdam (2012), Uppsala (2013), Aalborg (2014), Salford (2015), Topola (2016), Lodz (2017), Reykiavik (2019), and Cardiff (2023) <\/strong>and for the second time in<strong> Pisa (2024) <\/strong>which were attended by both European and American sociologists. <\/p>\n\n\n\n<p class=\"has-text-align-left\">Many of the participants were members of the <strong>Society for the Study of Symbolic Interaction (SSSI)<\/strong>&#8211; an international professional organization of social scientists with scientific journal (&#8216;Symbolic Interaction&#8217;) yearly conferences in conjunction with the meetings of the American Sociological Association, and a number of prestigious yearly awards for scholarly achievements (&#8216;George Herbert Mead Award&#8217;, &#8216;Charles Horton Cooley Book Award&#8217;, &#8216;Helena Lopata Mentor Excellence Award&#8217;, &#8216;Herbert Blumer Award for Best Graduate Student Paper&#8217;, &#8216;The Kathy Charmaz Early-In-Career Award&#8217;).<\/p>\n\n\n\n<p><\/p>\n\n\n\n<p><strong>EUSSSI Board<\/strong><\/p>\n\n\n\n<p>Thaddeus M\u00fcller, The President<\/p>\n\n\n\n<p>Andrea Salvini<\/p>\n\n\n\n<p>Robert Dingwall<\/p>\n\n\n\n<p>Andrew Blasko<\/p>\n\n\n\n<p>Vessela Misheva<\/p>\n\n\n\n<p>Gregory Smith<\/p>\n\n\n\n<p>Anna Kacperczyk<\/p>\n\n\n\n<p>Krzysztof Konecki<\/p>\n\n\n\n<p>Michael Dellwing<\/p>\n\n\n\n<p>Emma Engdahl<\/p>\n\n\n\n<p>Vi\u00f0ar Halld\u00f3rsson&nbsp;<\/p>\n\n\n\n<p>Robin Smith<\/p>\n\n\n\n<p>Vilma \u017dyd\u017ei\u016bnait\u0117<\/p>\n\n\n\n<p>Irene Psaroudakis<\/p>\n\n\n\n<p>Izabela Bukalska<\/p>\n\n\n\n<p>Eve Gardien<\/p>\n\n\n\n<p>Dirk vom Lehn<\/p>\n\n\n\n<p><\/p>\n","protected":false},"excerpt":{"rendered":"<p>EUSSSI emerged from an informal network of scholars having an interest in sociological social psychology, especially symbolic interaction, and in the study of related issues through the use of qualitative methods. The first conference of the EU SSSI was held in Pisa in 2010, followed by conferences in&nbsp; Kassel (2011), Rotterdam (2012), Uppsala (2013), Aalborg [&hellip;]<\/p>\n","protected":false},"author":635,"featured_media":0,"parent":22820,"menu_order":0,"comment_status":"closed","ping_status":"closed","template":"page-templates\/template-sub-page.php","meta":{"_acf_changed":false,"inline_featured_image":false,"footnotes":"","_links_to":"","_links_to_target":""},"class_list":["post-22828","page","type-page","status-publish","hentry"],"acf":[],"aioseo_notices":[],"_links":{"self":[{"href":"https:\/\/eusssi2025.uksw.edu.pl\/pl\/wp-json\/wp\/v2\/pages\/22828","targetHints":{"allow":["GET"]}}],"collection":[{"href":"https:\/\/eusssi2025.uksw.edu.pl\/pl\/wp-json\/wp\/v2\/pages"}],"about":[{"href":"https:\/\/eusssi2025.uksw.edu.pl\/pl\/wp-json\/wp\/v2\/types\/page"}],"author":[{"embeddable":true,"href":"https:\/\/eusssi2025.uksw.edu.pl\/pl\/wp-json\/wp\/v2\/users\/635"}],"replies":[{"embeddable":true,"href":"https:\/\/eusssi2025.uksw.edu.pl\/pl\/wp-json\/wp\/v2\/comments?post=22828"}],"version-history":[{"count":12,"href":"https:\/\/eusssi2025.uksw.edu.pl\/pl\/wp-json\/wp\/v2\/pages\/22828\/revisions"}],"predecessor-version":[{"id":23195,"href":"https:\/\/eusssi2025.uksw.edu.pl\/pl\/wp-json\/wp\/v2\/pages\/22828\/revisions\/23195"}],"up":[{"embeddable":true,"href":"https:\/\/eusssi2025.uksw.edu.pl\/pl\/wp-json\/wp\/v2\/pages\/22820"}],"wp:attachment":[{"href":"https:\/\/eusssi2025.uksw.edu.pl\/pl\/wp-json\/wp\/v2\/media?parent=22828"}],"curies":[{"name":"wp","href":"https:\/\/api.w.org\/{rel}","templated":true}]}}