{"id":22842,"date":"2025-01-29T01:56:00","date_gmt":"2025-01-29T00:56:00","guid":{"rendered":"https:\/\/eusssi2025.uksw.edu.pl\/?page_id=22842"},"modified":"2025-04-27T20:51:41","modified_gmt":"2025-04-27T18:51:41","slug":"practical-information","status":"publish","type":"page","link":"https:\/\/eusssi2025.uksw.edu.pl\/symbolic-interactionism-and-creative-processes-in-turbulent-times\/practical-information\/","title":{"rendered":"TRAVEL AND ACCOMMODATION"},"content":{"rendered":"\n<p><\/p>\n\n\n\n<h2 class=\"wp-block-heading\">Travel<\/h2>\n\n\n\n<figure class=\"wp-block-image size-full is-resized\"><img loading=\"lazy\" decoding=\"async\" width=\"838\" height=\"868\" src=\"https:\/\/eusssi2025.uksw.edu.pl\/wp-content\/uploads\/sites\/65\/2025\/01\/mapa-warszawa1-2.png\" alt=\"\" class=\"wp-image-23015\" style=\"width:603px;height:auto\" srcset=\"https:\/\/eusssi2025.uksw.edu.pl\/wp-content\/uploads\/sites\/65\/2025\/01\/mapa-warszawa1-2.png 838w, https:\/\/eusssi2025.uksw.edu.pl\/wp-content\/uploads\/sites\/65\/2025\/01\/mapa-warszawa1-2-290x300.png 290w, https:\/\/eusssi2025.uksw.edu.pl\/wp-content\/uploads\/sites\/65\/2025\/01\/mapa-warszawa1-2-768x795.png 768w\" sizes=\"auto, (max-width: 838px) 100vw, 838px\" \/><\/figure>\n\n\n\n<p>Warsaw has a convenient location in the center of Europe, and it is easy to reach from most European cities through direct or connected flights. There are two Warsaw airports -Ok\u0119cie and Modlin. You can use also airports in other Polish cities such as Radom, Gda\u0144sk, Krak\u00f3w, Wroc\u0142aw, \u0141\u00f3d\u017a or Katowice and then take train connections.<\/p>\n\n\n\n<p>Participants from outside Europe can also benefit from cheaper intra-European flights, for example from Prague or Berlin. This is important information for guests from outside Europe \u2013 using cheaper European airlines in a combined journey can significantly reduce travel costs.<\/p>\n\n\n\n<h2 class=\"wp-block-heading\">Accommodation<\/h2>\n\n\n\n<p>The conference venue is located in the north-western part of Warsaw (M\u0142ociny district, W\u00f3ycickiego Street 1\/3). You can choose a hotel near the campus or opt for a location closer to the city center, from where you can reach the venue using taxi  or public transport. <\/p>\n\n\n\n<p><\/p>\n\n\n\n<p><strong>1.Ibis Old Town<\/strong><\/p>\n\n\n\n<p>Travel time to university: 20 min by taxi \/ 35 min by public transport<\/p>\n\n\n\n<p>15 min on foot to Warsaw Old Town<br><a href=\"https:\/\/www.booking.com\/Share-g6nT8Db\" target=\"_blank\" rel=\"noreferrer noopener\">https:\/\/www.booking.com\/Share-g6nT8Db<\/a><\/p>\n\n\n\n<p><strong>2.\u00a0Wawabed <\/strong><\/p>\n\n\n\n<p>Travel time to university: 14 min by taxi<\/p>\n\n\n\n<p><a href=\"https:\/\/www.booking.com\/Share-2T12Y4\" target=\"_blank\" rel=\"noreferrer noopener\">https:\/\/www.booking.com\/Share-2T12Y4<\/a><\/p>\n\n\n\n<p><strong>3. &#8220;Literary House&#8221;\u00a0at Warsaw Old Town <\/strong><\/p>\n\n\n\n<p>Travel time to university: 40 min through public communication 22 min through taxi<\/p>\n\n\n\n<p><a href=\"https:\/\/www.booking.com\/Share-7KP2Tbi\">https:\/\/www.booking.com\/Share-7KP2Tbi<\/a><\/p>\n\n\n\n<p><\/p>\n\n\n\n<p><strong>4. Holiday Park Hotel<\/strong><\/p>\n\n\n\n<p>Travel time to university:  5 min with taxi, 10 with public transport, 20 on foot.<a href=\"https:\/\/www.booking.com\/Share-feqUgY\" target=\"_blank\" rel=\"noreferrer noopener\">https:\/\/www.booking.com\/Share-feqUgY<\/a><\/p>\n\n\n\n<p>http:\/\/eng.fundacjadl.com\/our-properties\/the-house-of-literature-in-warsaw\/<\/p>\n\n\n\n<p><strong>5. &#8220;Dobre miejsce&#8221; Retreat House<\/strong> (placed at the second University&#8217;s campus)<\/p>\n\n\n\n<p>Travel time: 12 min by taxi or 10 min nice walk through Biela\u0144ski Forest and 10 min by public transport<\/p>\n\n\n\n<p><a href=\"https:\/\/www.booking.com\/Share-kWxsBa\">https:\/\/www.booking.com\/Share-kWxsBa<\/a><\/p>\n\n\n\n<p>or direct reservation by organisers: i.bukalska@uksw.edu.pl<\/p>\n\n\n\n<p><\/p>\n\n\n\n<p>We provide  links to Booking.com due to full information regarding the terms and conditions.<\/p>\n\n\n\n<p>If you need assistance with your reservation, please contact us at <a class=\"\">i.bukalska@uksw.edu.pl<\/a><\/p>\n\n\n\n<p><\/p>\n","protected":false},"excerpt":{"rendered":"<p>Travel Warsaw has a convenient location in the center of Europe, and it is easy to reach from most European cities through direct or connected flights. There are two Warsaw airports -Ok\u0119cie and Modlin. You can use also airports in other Polish cities such as Radom, Gda\u0144sk, Krak\u00f3w, Wroc\u0142aw, \u0141\u00f3d\u017a or Katowice and then take [&hellip;]<\/p>\n","protected":false},"author":635,"featured_media":0,"parent":22820,"menu_order":6,"comment_status":"closed","ping_status":"closed","template":"page-templates\/template-sub-page.php","meta":{"_acf_changed":false,"inline_featured_image":false,"footnotes":"","_links_to":"","_links_to_target":""},"class_list":["post-22842","page","type-page","status-publish","hentry"],"acf":[],"aioseo_notices":[],"_links":{"self":[{"href":"https:\/\/eusssi2025.uksw.edu.pl\/pl\/wp-json\/wp\/v2\/pages\/22842","targetHints":{"allow":["GET"]}}],"collection":[{"href":"https:\/\/eusssi2025.uksw.edu.pl\/pl\/wp-json\/wp\/v2\/pages"}],"about":[{"href":"https:\/\/eusssi2025.uksw.edu.pl\/pl\/wp-json\/wp\/v2\/types\/page"}],"author":[{"embeddable":true,"href":"https:\/\/eusssi2025.uksw.edu.pl\/pl\/wp-json\/wp\/v2\/users\/635"}],"replies":[{"embeddable":true,"href":"https:\/\/eusssi2025.uksw.edu.pl\/pl\/wp-json\/wp\/v2\/comments?post=22842"}],"version-history":[{"count":12,"href":"https:\/\/eusssi2025.uksw.edu.pl\/pl\/wp-json\/wp\/v2\/pages\/22842\/revisions"}],"predecessor-version":[{"id":23298,"href":"https:\/\/eusssi2025.uksw.edu.pl\/pl\/wp-json\/wp\/v2\/pages\/22842\/revisions\/23298"}],"up":[{"embeddable":true,"href":"https:\/\/eusssi2025.uksw.edu.pl\/pl\/wp-json\/wp\/v2\/pages\/22820"}],"wp:attachment":[{"href":"https:\/\/eusssi2025.uksw.edu.pl\/pl\/wp-json\/wp\/v2\/media?parent=22842"}],"curies":[{"name":"wp","href":"https:\/\/api.w.org\/{rel}","templated":true}]}}